{"id":4312,"date":"2025-11-12T11:42:13","date_gmt":"2025-11-12T11:42:13","guid":{"rendered":"https:\/\/studioq.be\/?page_id=4312"},"modified":"2025-11-14T16:39:16","modified_gmt":"2025-11-14T16:39:16","slug":"disclaimer","status":"publish","type":"page","link":"https:\/\/studioq.be\/fr\/disclaimer\/","title":{"rendered":"Clause de non-responsabilit\u00e9"},"content":{"rendered":"<div data-elementor-type=\"wp-page\" data-elementor-id=\"4312\" class=\"elementor elementor-4312\" data-elementor-post-type=\"page\">\n\t\t\t\t<div class=\"elementor-element elementor-element-d16ee84  PaddingLR_1 Hero-3 e-flex e-con-boxed e-con e-parent\" data-id=\"d16ee84\" data-element_type=\"container\" data-settings=\"{&quot;background_background&quot;:&quot;classic&quot;}\">\n\t\t\t\t\t<div class=\"e-con-inner\">\n\t\t<div class=\"elementor-element elementor-element-2501ef7 e-con-full animated-fast e-flex elementor-invisible e-con e-child\" data-id=\"2501ef7\" data-element_type=\"container\" data-settings=\"{&quot;animation&quot;:&quot;fadeInUp&quot;,&quot;animation_delay&quot;:300}\">\n\t\t\t\t<div class=\"elementor-element elementor-element-80fefee elementor-widget elementor-widget-heading\" data-id=\"80fefee\" data-element_type=\"widget\" data-widget_type=\"heading.default\">\n\t\t\t\t\t<h1 class=\"elementor-heading-title elementor-size-default\">Clause de non-responsabilit\u00e9<\/h1>\t\t\t\t<\/div>\n\t\t\t\t<\/div>\n\t\t\t\t\t<\/div>\n\t\t\t\t<\/div>\n\t\t<div class=\"elementor-element elementor-element-9953c29 PaddingLR_1 BM_1 e-flex e-con-boxed e-con e-parent\" data-id=\"9953c29\" data-element_type=\"container\">\n\t\t\t\t\t<div class=\"e-con-inner\">\n\t\t<div class=\"elementor-element elementor-element-1350778 e-con-full e-flex e-con e-child\" data-id=\"1350778\" data-element_type=\"container\">\n\t\t<div class=\"elementor-element elementor-element-c472643 e-con-full Borders_2 animated-fast e-flex elementor-invisible e-con e-child\" data-id=\"c472643\" data-element_type=\"container\" data-settings=\"{&quot;background_background&quot;:&quot;classic&quot;,&quot;animation&quot;:&quot;fadeInUp&quot;,&quot;animation_delay&quot;:400}\">\n\t\t<div class=\"elementor-element elementor-element-77045a3 e-con-full e-flex e-con e-child\" data-id=\"77045a3\" data-element_type=\"container\">\n\t\t\t\t<div class=\"elementor-element elementor-element-d8a81c0 elementor-widget elementor-widget-text-editor\" data-id=\"d8a81c0\" data-element_type=\"widget\" data-widget_type=\"text-editor.default\">\n\t\t\t\t\t\t\t\t\tLes conditions de cet avertissement s\u2019appliquent \u00e0 www.studioq.be. En visitant ce site web et\/ou en utilisant les informations propos\u00e9es sur ou via ce site, vous d\u00e9clarez accepter l\u2019applicabilit\u00e9 du pr\u00e9sent avertissement et de la d\u00e9claration de confidentialit\u00e9.\t\t\t\t\t\t\t\t<\/div>\n\t\t\t\t<div class=\"elementor-element elementor-element-9218b76 elementor-widget elementor-widget-heading\" data-id=\"9218b76\" data-element_type=\"widget\" data-widget_type=\"heading.default\">\n\t\t\t\t\t<h5 class=\"elementor-heading-title elementor-size-default\">Utilisation du site web<\/h5>\t\t\t\t<\/div>\n\t\t\t\t<div class=\"elementor-element elementor-element-ec5e5cb elementor-widget elementor-widget-text-editor\" data-id=\"ec5e5cb\" data-element_type=\"widget\" data-widget_type=\"text-editor.default\">\n\t\t\t\t\t\t\t\t\tLes informations figurant sur ce site sont destin\u00e9es exclusivement \u00e0 des fins d\u2019information g\u00e9n\u00e9rale. Aucun droit ne peut \u00eatre tir\u00e9 des informations pr\u00e9sentes sur ce site. Bien que Studio Q utilise avec soin des sources consid\u00e9r\u00e9es comme fiables pour la cr\u00e9ation et la maintenance de ce site web, Studio Q ne peut garantir l\u2019exactitude, l\u2019exhaustivit\u00e9 et l\u2019actualit\u00e9 des informations fournies. Studio Q ne garantit pas non plus que le site fonctionnera sans erreur ni interruption. L\u2019achat de l\u2019un des produits\/services de Studio Q via ce site ne garantit aucun r\u00e9sultat, ceux-ci pouvant varier d\u2019une personne \u00e0 l\u2019autre. Studio Q d\u00e9cline express\u00e9ment toute responsabilit\u00e9 quant \u00e0 l\u2019exactitude, l\u2019exhaustivit\u00e9 et l\u2019actualit\u00e9 des informations fournies ainsi qu\u2019\u00e0 l\u2019utilisation (ininterrompue) de ce site web. Informations provenant de tiers, produits et services Lorsque Studio Q affiche des liens vers des sites web tiers, cela ne signifie pas que les produits ou services propos\u00e9s sur ou via ces sites sont recommand\u00e9s par Studio Q. Studio Q n\u2019accepte aucune responsabilit\u00e9 ni aucune garantie concernant le contenu, l\u2019utilisation ou la disponibilit\u00e9 des sites auxquels il est fait r\u00e9f\u00e9rence ou qui renvoient \u00e0 ce site. L\u2019utilisation de tels liens se fait \u00e0 vos propres risques. Les informations pr\u00e9sentes sur ces sites n\u2019ont pas \u00e9t\u00e9 \u00e9valu\u00e9es par Studio Q en termes d\u2019exactitude, de pertinence, d\u2019actualit\u00e9 ou d\u2019exhaustivit\u00e9.\t\t\t\t\t\t\t\t<\/div>\n\t\t\t\t<div class=\"elementor-element elementor-element-9d6fd85 elementor-widget elementor-widget-heading\" data-id=\"9d6fd85\" data-element_type=\"widget\" data-widget_type=\"heading.default\">\n\t\t\t\t\t<h5 class=\"elementor-heading-title elementor-size-default\">Informations, produits et services de tiers<\/h5>\t\t\t\t<\/div>\n\t\t\t\t<div class=\"elementor-element elementor-element-b97489b elementor-widget elementor-widget-text-editor\" data-id=\"b97489b\" data-element_type=\"widget\" data-widget_type=\"text-editor.default\">\n\t\t\t\t\t\t\t\t\tLorsque Studio Q affiche des liens vers des sites web tiers, cela ne signifie pas que les produits ou services propos\u00e9s sur ou via ces sites sont recommand\u00e9s par Studio Q. Studio Q n\u2019accepte aucune responsabilit\u00e9 quant au contenu, \u00e0 l\u2019utilisation ou \u00e0 la disponibilit\u00e9 des sites auxquels il est fait r\u00e9f\u00e9rence ou qui renvoient vers ce site. L\u2019utilisation de ces liens se fait \u00e0 vos propres risques. Les informations pr\u00e9sentes sur ces sites n\u2019ont pas \u00e9t\u00e9 v\u00e9rifi\u00e9es par Studio Q quant \u00e0 leur exactitude, leur pertinence, leur actualit\u00e9 ou leur exhaustivit\u00e9.\t\t\t\t\t\t\t\t<\/div>\n\t\t\t\t<div class=\"elementor-element elementor-element-12eb6ff elementor-widget elementor-widget-heading\" data-id=\"12eb6ff\" data-element_type=\"widget\" data-widget_type=\"heading.default\">\n\t\t\t\t\t<h5 class=\"elementor-heading-title elementor-size-default\">Utilisation des informations<\/h5>\t\t\t\t<\/div>\n\t\t\t\t<div class=\"elementor-element elementor-element-76d8de8 elementor-widget elementor-widget-text-editor\" data-id=\"76d8de8\" data-element_type=\"widget\" data-widget_type=\"text-editor.default\">\n\t\t\t\t\t\t\t\t\tStudio Q se r\u00e9serve tous les droits de propri\u00e9t\u00e9 intellectuelle et autres droits relatifs \u00e0 toutes les informations offertes sur ou via ce site web (y compris tous les textes, documents graphiques et logos). Il est interdit de copier, t\u00e9l\u00e9charger, rendre public, diffuser ou reproduire de quelque mani\u00e8re que ce soit les informations de ce site sans l\u2019autorisation \u00e9crite pr\u00e9alable de Studio Q ou l\u2019autorisation l\u00e9gitime du d\u00e9tenteur des droits. Vous \u00eates toutefois autoris\u00e9 \u00e0 imprimer et\/ou t\u00e9l\u00e9charger les informations de ce site pour votre usage personnel.\t\t\t\t\t\t\t\t<\/div>\n\t\t\t\t<div class=\"elementor-element elementor-element-1bb70c8 elementor-widget elementor-widget-heading\" data-id=\"1bb70c8\" data-element_type=\"widget\" data-widget_type=\"heading.default\">\n\t\t\t\t\t<h5 class=\"elementor-heading-title elementor-size-default\">Modifications<\/h5>\t\t\t\t<\/div>\n\t\t\t\t<div class=\"elementor-element elementor-element-55367ca elementor-widget elementor-widget-text-editor\" data-id=\"55367ca\" data-element_type=\"widget\" data-widget_type=\"text-editor.default\">\n\t\t\t\t\t\t\t\t\tStudio Q se r\u00e9serve le droit de modifier \u00e0 tout moment les informations propos\u00e9es sur ou via ce site, y compris le texte du pr\u00e9sent avertissement et de la d\u00e9claration de confidentialit\u00e9, sans pr\u00e9avis. Il est recommand\u00e9 de v\u00e9rifier p\u00e9riodiquement si les informations propos\u00e9es sur ou via ce site, y compris le texte de cet avertissement, ont \u00e9t\u00e9 modifi\u00e9es.\t\t\t\t\t\t\t\t<\/div>\n\t\t\t\t<div class=\"elementor-element elementor-element-e7b4113 elementor-widget elementor-widget-heading\" data-id=\"e7b4113\" data-element_type=\"widget\" data-widget_type=\"heading.default\">\n\t\t\t\t\t<h5 class=\"elementor-heading-title elementor-size-default\">Droit applicable<\/h5>\t\t\t\t<\/div>\n\t\t\t\t<div class=\"elementor-element elementor-element-49f591a elementor-widget elementor-widget-text-editor\" data-id=\"49f591a\" data-element_type=\"widget\" data-widget_type=\"text-editor.default\">\n\t\t\t\t\t\t\t\t\tLe droit n\u00e9erlandais est applicable \u00e0 ce site web et au pr\u00e9sent avertissement. Tous les litiges d\u00e9coulant de ou li\u00e9s \u00e0 cet avertissement seront soumis exclusivement au tribunal comp\u00e9tent aux Pays-Bas.\t\t\t\t\t\t\t\t<\/div>\n\t\t\t\t<\/div>\n\t\t\t\t<\/div>\n\t\t\t\t<\/div>\n\t\t\t\t\t<\/div>\n\t\t\t\t<\/div>\n\t\t\t\t<\/div>","protected":false},"excerpt":{"rendered":"<p>Disclaimer De voorwaarden van deze disclaimer zijn van toepassing op www.studioq.be. Door deze website te bezoeken en\/of de op of via deze website aangeboden informatie te gebruiken, verklaart u zich akkoord met de toepasselijkheid van deze disclaimer en privacystatement. Gebruik van de website De informatie op deze website is uitsluitend bedoeld als algemene informatie. Er [&hellip;]<\/p>","protected":false},"author":1,"featured_media":0,"parent":0,"menu_order":0,"comment_status":"closed","ping_status":"closed","template":"","meta":{"footnotes":""},"class_list":["post-4312","page","type-page","status-publish","hentry"],"_links":{"self":[{"href":"https:\/\/studioq.be\/fr\/wp-json\/wp\/v2\/pages\/4312","targetHints":{"allow":["GET"]}}],"collection":[{"href":"https:\/\/studioq.be\/fr\/wp-json\/wp\/v2\/pages"}],"about":[{"href":"https:\/\/studioq.be\/fr\/wp-json\/wp\/v2\/types\/page"}],"author":[{"embeddable":true,"href":"https:\/\/studioq.be\/fr\/wp-json\/wp\/v2\/users\/1"}],"replies":[{"embeddable":true,"href":"https:\/\/studioq.be\/fr\/wp-json\/wp\/v2\/comments?post=4312"}],"version-history":[{"count":23,"href":"https:\/\/studioq.be\/fr\/wp-json\/wp\/v2\/pages\/4312\/revisions"}],"predecessor-version":[{"id":4448,"href":"https:\/\/studioq.be\/fr\/wp-json\/wp\/v2\/pages\/4312\/revisions\/4448"}],"wp:attachment":[{"href":"https:\/\/studioq.be\/fr\/wp-json\/wp\/v2\/media?parent=4312"}],"curies":[{"name":"wp","href":"https:\/\/api.w.org\/{rel}","templated":true}]}}